{"id":60,"date":"2017-09-13T08:52:36","date_gmt":"2017-09-13T06:52:36","guid":{"rendered":"http:\/\/home.rodenkirchen-live.de\/?page_id=60"},"modified":"2017-09-19T12:40:50","modified_gmt":"2017-09-19T10:40:50","slug":"impressum","status":"publish","type":"page","link":"http:\/\/home.rodenkirchen-live.de\/?page_id=60","title":{"rendered":"Impressum"},"content":{"rendered":"<p>verantwortlich f\u00fcr diese Seite:<br \/>\nWolfgang Behrendt<br \/>\nMaternustr.14a<br \/>\n50996 K\u00f6ln<br \/>\nTel:0221 393432<br \/>\nMail :juwelier-behrendt@t-online.de<\/p>\n<p>Bilder: Gitarre und Bass von Gerhard Richter, K\u00f6ln (besten Dank !!)<\/p>\n<p>Urheberrecht<br \/>\nIch Wolfgang Behrendt bin bestrebt,die f\u00fcr alle Publikationen geltenden Urheberrechte zu beachten. Sollte es trotzdem zu einer Urheberrechtsverletzung kommen, werde ich das entsprechende Objekt nach Benachrichtigung,<br \/>\nsofort aus der Publikation entfernen bzw. mit dem entsprechenden Urheberrecht kenntlich machen. Alle innerhalb des Internetangebots genannten und gegebenenfalls durch Dritte gesch\u00fctzten Marken- und Warenzeichen unterliegen uneingeschr\u00e4nkt den Bestimmungen des jeweils g\u00fcltigen Kennzeichenrechts und den Besitzrechten der jeweiligen eingetragenen Eigent\u00fcmer. Allein aufgrund der blo\u00dfen Nennung ist nicht der Schluss zu ziehen, dass Markenzeichen nicht durch Rechte Dritter gesch\u00fctzt sind.<br \/>\nDas Urheberecht f\u00fcr die eigenen Inhalte von Wolfgang Behrendt in der<br \/>\nDomain www.behrendr-and-friends.de steht allein mir zu.<br \/>\nEine Vervielf\u00e4ltigung solcher Grafiken oder Texte in anderen<br \/>\nelektronischen oder gedruckten Publikationen ist ohne ausdr\u00fcckliche Zustimmung von Wolfgang Behrendt nicht erlaubt. Eine kurze Mail gen\u00fcgt.<br \/>\nMusik und Audiobeitr\u00e4ge:<br \/>\nDas Copyright verbeleibt beim jeweiligen Urheber und Ver\u00f6ffentlicher.<br \/>\nHaftung f\u00fcr Inhalte<br \/>\nDie Inhalte unserer Seiten wurden mit gr\u00f6\u00dfter Sorgfalt erstellt. F\u00fcr die Richtigkeit, Vollst\u00e4ndigkeit und<br \/>\nAktualit\u00e4t der Inhalte k\u00f6nnen wir jedoch keine Gew\u00e4hr \u00fcbernehmen. Als Diensteanbieter sind wir gem\u00e4\u00df \u00a7 6 Abs.1 MDStV und \u00a7 8 Abs.1 TDG f\u00fcr eigene Inhalte auf diesen Seiten nach den allgemeinen Gesetzen verantwortlich. Diensteanbieter sind jedoch nicht verpflichtet, die von ihnen \u00fcbermittelten oder gespeicherten fremden Informationen zu \u00fcberwachen oder nach Umst\u00e4nden zu forschen, die auf eine rechtswidrige T\u00e4tigkeit hinweisen.<br \/>\nVerpflichtungen zur Entfernung oder Sperrung der Nutzung von Informationen nach den allgemeinen Gesetzen bleiben hiervon unber\u00fchrt. Eine diesbez\u00fcgliche Haftung ist jedoch erst ab dem Zeitpunkt der Kenntnis einer konkreten Rechtsverletzung m\u00f6glich.<br \/>\nBei bekannt werden von entsprechenden Rechtsverletzungen werden wir diese Inhalte umgehend entfernen.<br \/>\nHaftung f\u00fcr Links<br \/>\nUnser Angebot enth\u00e4lt Links zu externen Webseiten Dritter, auf deren Inhalte wir keinen Einfluss haben.<br \/>\nDeshalb k\u00f6nnen wir f\u00fcr diese fremden Inhalte auch keine Gew\u00e4hr \u00fcbernehmen. F\u00fcr die Inhalte der verlinkten Seiten ist stets der jeweilige Anbieter oder Betreiber der Seiten verantwortlich. Die verlinkten Seiten wurden zum Zeitpunkt der Verlinkung auf m\u00f6gliche Rechtsverst\u00f6\u00dfe \u00fcberpr\u00fcft. Rechtswidrige Inhalte waren zum Zeitpunkt<br \/>\nder Verlinkung nicht erkennbar. Eine permanente inhaltliche Kontrolle der verlinkten Seiten ist jedoch ohne konkrete Anhaltspunkte einer Rechtsverletzung nicht zumutbar. Bei bekannt werden von Rechtsverletzungen werden wir derartige Links umgehend entfernen. Urheberrecht Die Betreiber der Seiten sind bem\u00fcht, stets<br \/>\ndie Urheberrechte anderer zu beachten bzw. auf selbst erstellte sowie lizenzfreie Werke zur\u00fcckzugreifen. Die durch die Seitenbetreiber erstellten Inhalte und Werke auf diesen Seiten unterliegen dem deutschen Urheberrecht. Beitr\u00e4ge Dritter sind als solche gekennzeichnet. Die Vervielf\u00e4ltigung, Bearbeitung, Verbreitung und jede Art der Verwertung au\u00dferhalb der Grenzen des Urheberrechtes bed\u00fcrfen der schriftlichen Zustimmung des jeweiligen<br \/>\nAutors bzw. Erstellers. Downloads und Kopien dieser Seite sind nur f\u00fcr den privaten, nicht kommerziellen Gebrauch gestattet. Wir bitten bei \u00dcbernahme um die Angabe der Quelle.<br \/>\nDatenschutz<br \/>\nSoweit auf unseren Seiten personenbezogene Daten (beispielsweise Name, Anschrift oder eMail-Adressen) erhoben werden, erfolgt dies soweit m\u00f6glich stets auf freiwilliger Basis. Die Nutzung der Angebote und Dienste ist, soweit m\u00f6glich, stets ohne Angabe personenbezogener Daten m\u00f6glich.Der Nutzung von im Rahmen der Impressumspflicht<br \/>\nver\u00f6ffentlichten Kontaktdaten durch Dritte zur \u00dcbersendung von nicht ausdr\u00fccklich angeforderter Werbung und Informationsmaterialien wird hiermit ausdr\u00fccklich widersprochen.<br \/>\nDie Betreiber der Seiten behalten sich ausdr\u00fccklich rechtliche Schritte im Falle der unverlangten Zusendung von<br \/>\nWerbeinformationen, etwa durch Spam-Mails, vor.<br \/>\nDatenschutzerkl\u00e4rung f\u00fcr die Nutzung von Facebook-Plugins (Like-Button)<br \/>\nAuf unseren Seiten sind Plugins des sozialen Netzwerks Facebook, 1601 South California Avenue, Palo Alto, CA 94304, USA integriert. Die Facebook-Plugins erkennen Sie an dem Facebook-Logo oder dem \u201eLike-Button<br \/>\n(\u201eGef\u00e4lltmir\u201c) auf unserer Seite. Eine \u00dcbersicht \u00fcber die Facebook-Plugins finden Sie hier:<br \/>\nhref=\u201dhttp:\/\/developers.facebook.com\/docs\/plugins\/\u201d<br \/>\nWenn Sie unsere Seiten besuchen, wird \u00fcber das Plugin eine direkte Verbindung zwischen Ihrem Browser und dem Facebook-Server hergestellt. Facebook erh\u00e4lt dadurch die Information, dass Sie mit Ihrer IP-Adresse unsere Seite besucht haben. Wenn Sie den Facebook \u201eLike-Button\u201c anklicken w\u00e4hrend Sie in Ihrem Facebook-Account<br \/>\neingeloggt sind, k\u00f6nnen Sie die Inhalte unserer Seiten auf Ihrem Facebook-Profil verlinken. Dadurch kann Facebook den Besuch unserer Seiten Ihrem Benutzerkonto zuordnen. Wir weisen darauf hin, dass wir als Anbieter der Seiten keine Kenntnis vom Inhalt der \u00fcbermittelten Daten sowie deren Nutzung durch Facebook erhalten.<br \/>\nWeitere Informationen hierzu finden Sie in der Datenschutzerkl\u00e4rung von facebook unter de-de.facebook.com\/policy.php Wenn Sie nicht w\u00fcnschen, dass Facebook den Besuch unserer Seiten Ihrem<br \/>\nFacebook-Nutzerkonto zuordnen kann, loggen Sie sich bitte aus Ihrem Facebook-Benutzerkonto aus. Impressum Quelle: Facebook und Impressum Disclaimer von eRecht24.de<\/p>\n","protected":false},"excerpt":{"rendered":"<p>verantwortlich f\u00fcr diese Seite: Wolfgang Behrendt Maternustr.14a 50996 K\u00f6ln Tel:0221 393432 Mail :juwelier-behrendt@t-online.de Bilder: Gitarre und Bass von Gerhard Richter, K\u00f6ln (besten Dank !!) Urheberrecht Ich Wolfgang Behrendt bin bestrebt,die f\u00fcr alle Publikationen geltenden Urheberrechte zu beachten. Sollte es trotzdem zu einer Urheberrechtsverletzung kommen, werde ich das entsprechende Objekt nach Benachrichtigung, sofort aus der Publikation &hellip; <\/p>\n<p class=\"link-more\"><a href=\"http:\/\/home.rodenkirchen-live.de\/?page_id=60\" class=\"more-link\"><span class=\"screen-reader-text\">\u201eImpressum\u201c<\/span> weiterlesen<\/a><\/p>\n","protected":false},"author":1,"featured_media":0,"parent":0,"menu_order":0,"comment_status":"closed","ping_status":"closed","template":"","meta":{"footnotes":""},"class_list":["post-60","page","type-page","status-publish","hentry"],"_links":{"self":[{"href":"http:\/\/home.rodenkirchen-live.de\/index.php?rest_route=\/wp\/v2\/pages\/60","targetHints":{"allow":["GET"]}}],"collection":[{"href":"http:\/\/home.rodenkirchen-live.de\/index.php?rest_route=\/wp\/v2\/pages"}],"about":[{"href":"http:\/\/home.rodenkirchen-live.de\/index.php?rest_route=\/wp\/v2\/types\/page"}],"author":[{"embeddable":true,"href":"http:\/\/home.rodenkirchen-live.de\/index.php?rest_route=\/wp\/v2\/users\/1"}],"replies":[{"embeddable":true,"href":"http:\/\/home.rodenkirchen-live.de\/index.php?rest_route=%2Fwp%2Fv2%2Fcomments&post=60"}],"version-history":[{"count":2,"href":"http:\/\/home.rodenkirchen-live.de\/index.php?rest_route=\/wp\/v2\/pages\/60\/revisions"}],"predecessor-version":[{"id":88,"href":"http:\/\/home.rodenkirchen-live.de\/index.php?rest_route=\/wp\/v2\/pages\/60\/revisions\/88"}],"wp:attachment":[{"href":"http:\/\/home.rodenkirchen-live.de\/index.php?rest_route=%2Fwp%2Fv2%2Fmedia&parent=60"}],"curies":[{"name":"wp","href":"https:\/\/api.w.org\/{rel}","templated":true}]}}